{"id":2,"date":"2021-10-06T10:34:37","date_gmt":"2021-10-06T10:34:37","guid":{"rendered":"https:\/\/ulrich-niehoff.de\/?page_id=2"},"modified":"2026-01-23T10:10:54","modified_gmt":"2026-01-23T10:10:54","slug":"sample-page","status":"publish","type":"page","link":"https:\/\/ulrich-niehoff.de\/","title":{"rendered":""},"content":{"rendered":"\n<p><\/p>\n\n\n\n<p>dank unbekannter hacker (die meine alte webseite zerst\u00f6rt haben) kann hier jetzt etwas neues entstehen.<\/p>\n\n\n\n<p>nach wie vor gilt:<\/p>\n\n\n\n<ul class=\"wp-block-list\">\n<li>biometrische passfotos ( gleich zum mitnehmen ) 6 st\u00fcck 17 \u20ac<\/li>\n\n\n\n<li>bewerbungsfotos ( klassisch als papierform und\/oder digital ab 35 \u20ac<\/li>\n\n\n\n<li>portraits (einzel, paar, familien, freunde ) drinnen und drau\u00dfen ab 95 \u20ac<\/li>\n\n\n\n<li>eventshootings ( hochzeit, taufe, familienfeiern ) preis nach vereinbarung<\/li>\n\n\n\n<li>beratung und coaching &#8211; rund um das fotografieren ( einzeln und kleingruppe ) &nbsp;<\/li>\n<\/ul>\n\n\n\n<p>ich arbeite ausschlie\u00dflich nach terminvereinbarung.<\/p>\n\n\n\n<p>fotoanfragen sind weiterhin telefonisch oder per mail m\u00f6glich.<\/p>\n\n\n\n<figure class=\"wp-block-image size-full is-resized\"><img fetchpriority=\"high\" decoding=\"async\" width=\"512\" height=\"512\" src=\"https:\/\/ulrich-niehoff.de\/wp-content\/uploads\/2021\/10\/cropped-logofotografiecoaching2rot-2.png\" alt=\"\" class=\"wp-image-18\" style=\"width:349px;height:349px\" srcset=\"https:\/\/ulrich-niehoff.de\/wp-content\/uploads\/2021\/10\/cropped-logofotografiecoaching2rot-2.png 512w, https:\/\/ulrich-niehoff.de\/wp-content\/uploads\/2021\/10\/cropped-logofotografiecoaching2rot-2-300x300.png 300w, https:\/\/ulrich-niehoff.de\/wp-content\/uploads\/2021\/10\/cropped-logofotografiecoaching2rot-2-150x150.png 150w, https:\/\/ulrich-niehoff.de\/wp-content\/uploads\/2021\/10\/cropped-logofotografiecoaching2rot-2-270x270.png 270w, https:\/\/ulrich-niehoff.de\/wp-content\/uploads\/2021\/10\/cropped-logofotografiecoaching2rot-2-192x192.png 192w, https:\/\/ulrich-niehoff.de\/wp-content\/uploads\/2021\/10\/cropped-logofotografiecoaching2rot-2-180x180.png 180w, https:\/\/ulrich-niehoff.de\/wp-content\/uploads\/2021\/10\/cropped-logofotografiecoaching2rot-2-32x32.png 32w\" sizes=\"(max-width: 512px) 100vw, 512px\" \/><\/figure>\n\n\n\n<p>kontakt: post(at)ulrich-niehoff.de<\/p>\n\n\n\n<p>telefon &#8211; 05823-8113 <\/p>\n\n\n\n<p>mobil &#8211; 01785408113<\/p>\n\n\n\n<p>im beukenbusch 33, 29553 bienenb\u00fcttel<\/p>\n","protected":false},"excerpt":{"rendered":"<p>dank unbekannter hacker (die meine alte webseite zerst\u00f6rt haben) kann hier jetzt etwas neues entstehen. nach wie vor gilt: ich arbeite ausschlie\u00dflich nach terminvereinbarung. fotoanfragen sind weiterhin telefonisch oder per mail m\u00f6glich. kontakt: post(at)ulrich-niehoff.de telefon &#8211; 05823-8113 mobil &#8211; 01785408113 im beukenbusch 33, 29553 bienenb\u00fcttel<\/p>\n","protected":false},"author":1,"featured_media":0,"parent":0,"menu_order":0,"comment_status":"closed","ping_status":"closed","template":"","meta":{"_monsterinsights_skip_tracking":false,"_monsterinsights_sitenote_active":false,"_monsterinsights_sitenote_note":"","_monsterinsights_sitenote_category":0,"footnotes":""},"class_list":["post-2","page","type-page","status-publish","hentry","comments-closed","no-comments"],"yoast_head":"<!-- This site is optimized with the Yoast SEO plugin v27.5 - https:\/\/yoast.com\/product\/yoast-seo-wordpress\/ -->\n<title>- ulrich niehoff - fotografie &amp; coaching<\/title>\n<meta name=\"robots\" content=\"index, follow, max-snippet:-1, max-image-preview:large, max-video-preview:-1\" \/>\n<link rel=\"canonical\" href=\"https:\/\/ulrich-niehoff.de\/\" \/>\n<meta property=\"og:locale\" content=\"de_DE\" \/>\n<meta property=\"og:type\" content=\"article\" \/>\n<meta property=\"og:title\" content=\"- ulrich niehoff - fotografie &amp; coaching\" \/>\n<meta property=\"og:description\" content=\"dank unbekannter hacker (die meine alte webseite zerst\u00f6rt haben) kann hier jetzt etwas neues entstehen. nach wie vor gilt: ich arbeite ausschlie\u00dflich nach terminvereinbarung. fotoanfragen sind weiterhin telefonisch oder per mail m\u00f6glich. kontakt: post(at)ulrich-niehoff.de telefon &#8211; 05823-8113 mobil &#8211; 01785408113 im beukenbusch 33, 29553 bienenb\u00fcttel\" \/>\n<meta property=\"og:url\" content=\"https:\/\/ulrich-niehoff.de\/\" \/>\n<meta property=\"og:site_name\" content=\"ulrich niehoff - fotografie &amp; coaching\" \/>\n<meta property=\"article:modified_time\" content=\"2026-01-23T10:10:54+00:00\" \/>\n<meta property=\"og:image\" content=\"https:\/\/ulrich-niehoff.de\/wp-content\/uploads\/2021\/10\/cropped-logofotografiecoaching2rot-2.png\" \/>\n\t<meta property=\"og:image:width\" content=\"512\" \/>\n\t<meta property=\"og:image:height\" content=\"512\" \/>\n\t<meta property=\"og:image:type\" content=\"image\/png\" \/>\n<meta name=\"twitter:card\" content=\"summary_large_image\" \/>\n<meta name=\"twitter:label1\" content=\"Gesch\u00e4tzte Lesezeit\" \/>\n\t<meta name=\"twitter:data1\" content=\"1\u00a0Minute\" \/>\n<script type=\"application\/ld+json\" class=\"yoast-schema-graph\">{\"@context\":\"https:\\\/\\\/schema.org\",\"@graph\":[{\"@type\":\"WebPage\",\"@id\":\"https:\\\/\\\/ulrich-niehoff.de\\\/\",\"url\":\"https:\\\/\\\/ulrich-niehoff.de\\\/\",\"name\":\"- ulrich niehoff - fotografie &amp; coaching\",\"isPartOf\":{\"@id\":\"https:\\\/\\\/ulrich-niehoff.de\\\/#website\"},\"primaryImageOfPage\":{\"@id\":\"https:\\\/\\\/ulrich-niehoff.de\\\/#primaryimage\"},\"image\":{\"@id\":\"https:\\\/\\\/ulrich-niehoff.de\\\/#primaryimage\"},\"thumbnailUrl\":\"https:\\\/\\\/ulrich-niehoff.de\\\/wp-content\\\/uploads\\\/2021\\\/10\\\/cropped-logofotografiecoaching2rot-2.png\",\"datePublished\":\"2021-10-06T10:34:37+00:00\",\"dateModified\":\"2026-01-23T10:10:54+00:00\",\"inLanguage\":\"de\",\"potentialAction\":[{\"@type\":\"ReadAction\",\"target\":[\"https:\\\/\\\/ulrich-niehoff.de\\\/\"]}]},{\"@type\":\"ImageObject\",\"inLanguage\":\"de\",\"@id\":\"https:\\\/\\\/ulrich-niehoff.de\\\/#primaryimage\",\"url\":\"https:\\\/\\\/ulrich-niehoff.de\\\/wp-content\\\/uploads\\\/2021\\\/10\\\/cropped-logofotografiecoaching2rot-2.png\",\"contentUrl\":\"https:\\\/\\\/ulrich-niehoff.de\\\/wp-content\\\/uploads\\\/2021\\\/10\\\/cropped-logofotografiecoaching2rot-2.png\",\"width\":512,\"height\":512},{\"@type\":\"WebSite\",\"@id\":\"https:\\\/\\\/ulrich-niehoff.de\\\/#website\",\"url\":\"https:\\\/\\\/ulrich-niehoff.de\\\/\",\"name\":\"ulrich niehoff - fotografie und coaching\",\"description\":\"\",\"publisher\":{\"@id\":\"https:\\\/\\\/ulrich-niehoff.de\\\/#\\\/schema\\\/person\\\/36c5625ecb55fc6380b7d0d9e907bbe7\"},\"potentialAction\":[{\"@type\":\"SearchAction\",\"target\":{\"@type\":\"EntryPoint\",\"urlTemplate\":\"https:\\\/\\\/ulrich-niehoff.de\\\/?s={search_term_string}\"},\"query-input\":{\"@type\":\"PropertyValueSpecification\",\"valueRequired\":true,\"valueName\":\"search_term_string\"}}],\"inLanguage\":\"de\"},{\"@type\":[\"Person\",\"Organization\"],\"@id\":\"https:\\\/\\\/ulrich-niehoff.de\\\/#\\\/schema\\\/person\\\/36c5625ecb55fc6380b7d0d9e907bbe7\",\"name\":\"admin\",\"image\":{\"@type\":\"ImageObject\",\"inLanguage\":\"de\",\"@id\":\"https:\\\/\\\/ulrich-niehoff.de\\\/wp-content\\\/uploads\\\/2021\\\/10\\\/cropped-cropped-cropped-logofotografiecoaching2rot-2-2.png\",\"url\":\"https:\\\/\\\/ulrich-niehoff.de\\\/wp-content\\\/uploads\\\/2021\\\/10\\\/cropped-cropped-cropped-logofotografiecoaching2rot-2-2.png\",\"contentUrl\":\"https:\\\/\\\/ulrich-niehoff.de\\\/wp-content\\\/uploads\\\/2021\\\/10\\\/cropped-cropped-cropped-logofotografiecoaching2rot-2-2.png\",\"width\":2000,\"height\":629,\"caption\":\"admin\"},\"logo\":{\"@id\":\"https:\\\/\\\/ulrich-niehoff.de\\\/wp-content\\\/uploads\\\/2021\\\/10\\\/cropped-cropped-cropped-logofotografiecoaching2rot-2-2.png\"},\"sameAs\":[\"https:\\\/\\\/ulrich-niehoff.de\"]}]}<\/script>\n<!-- \/ Yoast SEO plugin. -->","yoast_head_json":{"title":"- ulrich niehoff - fotografie &amp; coaching","robots":{"index":"index","follow":"follow","max-snippet":"max-snippet:-1","max-image-preview":"max-image-preview:large","max-video-preview":"max-video-preview:-1"},"canonical":"https:\/\/ulrich-niehoff.de\/","og_locale":"de_DE","og_type":"article","og_title":"- ulrich niehoff - fotografie &amp; coaching","og_description":"dank unbekannter hacker (die meine alte webseite zerst\u00f6rt haben) kann hier jetzt etwas neues entstehen. nach wie vor gilt: ich arbeite ausschlie\u00dflich nach terminvereinbarung. fotoanfragen sind weiterhin telefonisch oder per mail m\u00f6glich. kontakt: post(at)ulrich-niehoff.de telefon &#8211; 05823-8113 mobil &#8211; 01785408113 im beukenbusch 33, 29553 bienenb\u00fcttel","og_url":"https:\/\/ulrich-niehoff.de\/","og_site_name":"ulrich niehoff - fotografie &amp; coaching","article_modified_time":"2026-01-23T10:10:54+00:00","og_image":[{"width":512,"height":512,"url":"https:\/\/ulrich-niehoff.de\/wp-content\/uploads\/2021\/10\/cropped-logofotografiecoaching2rot-2.png","type":"image\/png"}],"twitter_card":"summary_large_image","twitter_misc":{"Gesch\u00e4tzte Lesezeit":"1\u00a0Minute"},"schema":{"@context":"https:\/\/schema.org","@graph":[{"@type":"WebPage","@id":"https:\/\/ulrich-niehoff.de\/","url":"https:\/\/ulrich-niehoff.de\/","name":"- ulrich niehoff - fotografie &amp; coaching","isPartOf":{"@id":"https:\/\/ulrich-niehoff.de\/#website"},"primaryImageOfPage":{"@id":"https:\/\/ulrich-niehoff.de\/#primaryimage"},"image":{"@id":"https:\/\/ulrich-niehoff.de\/#primaryimage"},"thumbnailUrl":"https:\/\/ulrich-niehoff.de\/wp-content\/uploads\/2021\/10\/cropped-logofotografiecoaching2rot-2.png","datePublished":"2021-10-06T10:34:37+00:00","dateModified":"2026-01-23T10:10:54+00:00","inLanguage":"de","potentialAction":[{"@type":"ReadAction","target":["https:\/\/ulrich-niehoff.de\/"]}]},{"@type":"ImageObject","inLanguage":"de","@id":"https:\/\/ulrich-niehoff.de\/#primaryimage","url":"https:\/\/ulrich-niehoff.de\/wp-content\/uploads\/2021\/10\/cropped-logofotografiecoaching2rot-2.png","contentUrl":"https:\/\/ulrich-niehoff.de\/wp-content\/uploads\/2021\/10\/cropped-logofotografiecoaching2rot-2.png","width":512,"height":512},{"@type":"WebSite","@id":"https:\/\/ulrich-niehoff.de\/#website","url":"https:\/\/ulrich-niehoff.de\/","name":"ulrich niehoff - fotografie und coaching","description":"","publisher":{"@id":"https:\/\/ulrich-niehoff.de\/#\/schema\/person\/36c5625ecb55fc6380b7d0d9e907bbe7"},"potentialAction":[{"@type":"SearchAction","target":{"@type":"EntryPoint","urlTemplate":"https:\/\/ulrich-niehoff.de\/?s={search_term_string}"},"query-input":{"@type":"PropertyValueSpecification","valueRequired":true,"valueName":"search_term_string"}}],"inLanguage":"de"},{"@type":["Person","Organization"],"@id":"https:\/\/ulrich-niehoff.de\/#\/schema\/person\/36c5625ecb55fc6380b7d0d9e907bbe7","name":"admin","image":{"@type":"ImageObject","inLanguage":"de","@id":"https:\/\/ulrich-niehoff.de\/wp-content\/uploads\/2021\/10\/cropped-cropped-cropped-logofotografiecoaching2rot-2-2.png","url":"https:\/\/ulrich-niehoff.de\/wp-content\/uploads\/2021\/10\/cropped-cropped-cropped-logofotografiecoaching2rot-2-2.png","contentUrl":"https:\/\/ulrich-niehoff.de\/wp-content\/uploads\/2021\/10\/cropped-cropped-cropped-logofotografiecoaching2rot-2-2.png","width":2000,"height":629,"caption":"admin"},"logo":{"@id":"https:\/\/ulrich-niehoff.de\/wp-content\/uploads\/2021\/10\/cropped-cropped-cropped-logofotografiecoaching2rot-2-2.png"},"sameAs":["https:\/\/ulrich-niehoff.de"]}]}},"jetpack_sharing_enabled":true,"_links":{"self":[{"href":"https:\/\/ulrich-niehoff.de\/index.php?rest_route=\/wp\/v2\/pages\/2","targetHints":{"allow":["GET"]}}],"collection":[{"href":"https:\/\/ulrich-niehoff.de\/index.php?rest_route=\/wp\/v2\/pages"}],"about":[{"href":"https:\/\/ulrich-niehoff.de\/index.php?rest_route=\/wp\/v2\/types\/page"}],"author":[{"embeddable":true,"href":"https:\/\/ulrich-niehoff.de\/index.php?rest_route=\/wp\/v2\/users\/1"}],"replies":[{"embeddable":true,"href":"https:\/\/ulrich-niehoff.de\/index.php?rest_route=%2Fwp%2Fv2%2Fcomments&post=2"}],"version-history":[{"count":11,"href":"https:\/\/ulrich-niehoff.de\/index.php?rest_route=\/wp\/v2\/pages\/2\/revisions"}],"predecessor-version":[{"id":411,"href":"https:\/\/ulrich-niehoff.de\/index.php?rest_route=\/wp\/v2\/pages\/2\/revisions\/411"}],"wp:attachment":[{"href":"https:\/\/ulrich-niehoff.de\/index.php?rest_route=%2Fwp%2Fv2%2Fmedia&parent=2"}],"curies":[{"name":"wp","href":"https:\/\/api.w.org\/{rel}","templated":true}]}}